{"id":1998,"date":"2022-02-10T12:29:25","date_gmt":"2022-02-10T12:29:25","guid":{"rendered":"https:\/\/la-boussole.com\/?page_id=1998"},"modified":"2022-02-14T13:42:11","modified_gmt":"2022-02-14T13:42:11","slug":"notre-histoire","status":"publish","type":"page","link":"https:\/\/la-boussole.com\/?page_id=1998","title":{"rendered":"NOTRE HISTOIRE"},"content":{"rendered":"\n<p class=\"has-text-align-center\">BIENVENUE<\/p>\n\n\n\n<p class=\"has-text-align-center\">Diner \u00e0 La Boussole<\/p>\n\n\n\n<p class=\"has-text-align-center\">Fruit d\u2019une riche histoire familiale et d\u2019Amiti\u00e9 sinc\u00e8re, La Boussole ouvre ses portes en 2004 et donne naissance \u00e0 un univers unique de saveurs.<\/p>\n\n\n\n<p class=\"has-text-align-center\">17 ans plus tard (12410 services et pr\u00e8s d\u20191 million \u00bd de clients accueillis !), ce lieu singulier et atypique se refait une beaut\u00e9\u2026<\/p>\n\n\n\n<p class=\"has-text-align-center\">Lumi\u00e8res \u00e9clatantes, mati\u00e8res chatoyantes, plafonds tendus \u00e9tonnants et mobilier sur mesure\u2026 La Boussole \u00ab nouvelle version \u00bb est pr\u00eate \u00e0 vous accueillir dans les meilleures conditions et \u2026 pr\u00eate \u00e0 faire la f\u00eate dans une ambiance Chic et Conviviale !<\/p>\n\n\n\n<figure class=\"wp-block-image size-large is-style-rounded\"><img fetchpriority=\"high\" decoding=\"async\" width=\"1440\" height=\"960\" src=\"https:\/\/la-boussole.com\/wp-content\/uploads\/2022\/02\/IMG_7752-1440x960.jpg\" alt=\"\" class=\"wp-image-2101\" srcset=\"https:\/\/la-boussole.com\/wp-content\/uploads\/2022\/02\/IMG_7752-1440x960.jpg 1440w, https:\/\/la-boussole.com\/wp-content\/uploads\/2022\/02\/IMG_7752-300x200.jpg 300w, https:\/\/la-boussole.com\/wp-content\/uploads\/2022\/02\/IMG_7752-1536x1024.jpg 1536w, https:\/\/la-boussole.com\/wp-content\/uploads\/2022\/02\/IMG_7752-2048x1365.jpg 2048w, https:\/\/la-boussole.com\/wp-content\/uploads\/2022\/02\/IMG_7752-800x533.jpg 800w\" sizes=\"(max-width: 1440px) 100vw, 1440px\" \/><\/figure>\n\n\n\n<p><\/p>\n","protected":false},"excerpt":{"rendered":"<p>BIENVENUE Diner \u00e0 La Boussole Fruit d\u2019une riche histoire familiale et d\u2019Amiti\u00e9 sinc\u00e8re, La Boussole ouvre ses portes en 2004 et donne naissance \u00e0 un&hellip;<\/p>\n","protected":false},"author":1,"featured_media":0,"parent":0,"menu_order":0,"comment_status":"closed","ping_status":"closed","template":"","meta":{"footnotes":""},"class_list":["post-1998","page","type-page","status-publish","hentry"],"yoast_head":"<!-- This site is optimized with the Yoast SEO plugin v24.0 - https:\/\/yoast.com\/wordpress\/plugins\/seo\/ -->\n<title>NOTRE HISTOIRE - LA BOUSSOLE PARIS<\/title>\n<meta name=\"robots\" content=\"index, follow, max-snippet:-1, max-image-preview:large, max-video-preview:-1\" \/>\n<link rel=\"canonical\" href=\"https:\/\/la-boussole.com\/?page_id=1998\" \/>\n<meta property=\"og:locale\" content=\"fr_FR\" \/>\n<meta property=\"og:type\" content=\"article\" \/>\n<meta property=\"og:title\" content=\"NOTRE HISTOIRE - LA BOUSSOLE PARIS\" \/>\n<meta property=\"og:description\" content=\"BIENVENUE Diner \u00e0 La Boussole Fruit d\u2019une riche histoire familiale et d\u2019Amiti\u00e9 sinc\u00e8re, La Boussole ouvre ses portes en 2004 et donne naissance \u00e0 un&hellip;\" \/>\n<meta property=\"og:url\" content=\"https:\/\/la-boussole.com\/?page_id=1998\" \/>\n<meta property=\"og:site_name\" content=\"LA BOUSSOLE PARIS\" \/>\n<meta property=\"article:publisher\" content=\"https:\/\/www.facebook.com\/laboussole.paris\" \/>\n<meta property=\"article:modified_time\" content=\"2022-02-14T13:42:11+00:00\" \/>\n<meta property=\"og:image\" content=\"https:\/\/la-boussole.com\/wp-content\/uploads\/2022\/02\/IMG_7752-1440x960.jpg\" \/>\n<meta name=\"twitter:card\" content=\"summary_large_image\" \/>\n<meta name=\"twitter:label1\" content=\"Dur\u00e9e de lecture estim\u00e9e\" \/>\n\t<meta name=\"twitter:data1\" content=\"1 minute\" \/>\n<script type=\"application\/ld+json\" class=\"yoast-schema-graph\">{\"@context\":\"https:\/\/schema.org\",\"@graph\":[{\"@type\":\"WebPage\",\"@id\":\"https:\/\/la-boussole.com\/?page_id=1998\",\"url\":\"https:\/\/la-boussole.com\/?page_id=1998\",\"name\":\"NOTRE HISTOIRE - LA BOUSSOLE PARIS\",\"isPartOf\":{\"@id\":\"https:\/\/la-boussole.com\/#website\"},\"primaryImageOfPage\":{\"@id\":\"https:\/\/la-boussole.com\/?page_id=1998#primaryimage\"},\"image\":{\"@id\":\"https:\/\/la-boussole.com\/?page_id=1998#primaryimage\"},\"thumbnailUrl\":\"https:\/\/la-boussole.com\/wp-content\/uploads\/2022\/02\/IMG_7752-1440x960.jpg\",\"datePublished\":\"2022-02-10T12:29:25+00:00\",\"dateModified\":\"2022-02-14T13:42:11+00:00\",\"breadcrumb\":{\"@id\":\"https:\/\/la-boussole.com\/?page_id=1998#breadcrumb\"},\"inLanguage\":\"fr-FR\",\"potentialAction\":[{\"@type\":\"ReadAction\",\"target\":[\"https:\/\/la-boussole.com\/?page_id=1998\"]}]},{\"@type\":\"ImageObject\",\"inLanguage\":\"fr-FR\",\"@id\":\"https:\/\/la-boussole.com\/?page_id=1998#primaryimage\",\"url\":\"https:\/\/la-boussole.com\/wp-content\/uploads\/2022\/02\/IMG_7752-scaled.jpg\",\"contentUrl\":\"https:\/\/la-boussole.com\/wp-content\/uploads\/2022\/02\/IMG_7752-scaled.jpg\",\"width\":2560,\"height\":1707},{\"@type\":\"BreadcrumbList\",\"@id\":\"https:\/\/la-boussole.com\/?page_id=1998#breadcrumb\",\"itemListElement\":[{\"@type\":\"ListItem\",\"position\":1,\"name\":\"Accueil\",\"item\":\"https:\/\/la-boussole.com\/\"},{\"@type\":\"ListItem\",\"position\":2,\"name\":\"NOTRE HISTOIRE\"}]},{\"@type\":\"WebSite\",\"@id\":\"https:\/\/la-boussole.com\/#website\",\"url\":\"https:\/\/la-boussole.com\/\",\"name\":\"LA BOUSSOLE PARIS\",\"description\":\"\",\"publisher\":{\"@id\":\"https:\/\/la-boussole.com\/#organization\"},\"potentialAction\":[{\"@type\":\"SearchAction\",\"target\":{\"@type\":\"EntryPoint\",\"urlTemplate\":\"https:\/\/la-boussole.com\/?s={search_term_string}\"},\"query-input\":{\"@type\":\"PropertyValueSpecification\",\"valueRequired\":true,\"valueName\":\"search_term_string\"}}],\"inLanguage\":\"fr-FR\"},{\"@type\":\"Organization\",\"@id\":\"https:\/\/la-boussole.com\/#organization\",\"name\":\"LA BOUSSOLE PARIS\",\"url\":\"https:\/\/la-boussole.com\/\",\"logo\":{\"@type\":\"ImageObject\",\"inLanguage\":\"fr-FR\",\"@id\":\"https:\/\/la-boussole.com\/#\/schema\/logo\/image\/\",\"url\":\"https:\/\/la-boussole.com\/wp-content\/uploads\/2022\/02\/cropped-Logo-vita-faca-A.jpg\",\"contentUrl\":\"https:\/\/la-boussole.com\/wp-content\/uploads\/2022\/02\/cropped-Logo-vita-faca-A.jpg\",\"width\":512,\"height\":512,\"caption\":\"LA BOUSSOLE PARIS\"},\"image\":{\"@id\":\"https:\/\/la-boussole.com\/#\/schema\/logo\/image\/\"},\"sameAs\":[\"https:\/\/www.facebook.com\/laboussole.paris\"]}]}<\/script>\n<!-- \/ Yoast SEO plugin. -->","yoast_head_json":{"title":"NOTRE HISTOIRE - LA BOUSSOLE PARIS","robots":{"index":"index","follow":"follow","max-snippet":"max-snippet:-1","max-image-preview":"max-image-preview:large","max-video-preview":"max-video-preview:-1"},"canonical":"https:\/\/la-boussole.com\/?page_id=1998","og_locale":"fr_FR","og_type":"article","og_title":"NOTRE HISTOIRE - LA BOUSSOLE PARIS","og_description":"BIENVENUE Diner \u00e0 La Boussole Fruit d\u2019une riche histoire familiale et d\u2019Amiti\u00e9 sinc\u00e8re, La Boussole ouvre ses portes en 2004 et donne naissance \u00e0 un&hellip;","og_url":"https:\/\/la-boussole.com\/?page_id=1998","og_site_name":"LA BOUSSOLE PARIS","article_publisher":"https:\/\/www.facebook.com\/laboussole.paris","article_modified_time":"2022-02-14T13:42:11+00:00","og_image":[{"url":"https:\/\/la-boussole.com\/wp-content\/uploads\/2022\/02\/IMG_7752-1440x960.jpg","type":"","width":"","height":""}],"twitter_card":"summary_large_image","twitter_misc":{"Dur\u00e9e de lecture estim\u00e9e":"1 minute"},"schema":{"@context":"https:\/\/schema.org","@graph":[{"@type":"WebPage","@id":"https:\/\/la-boussole.com\/?page_id=1998","url":"https:\/\/la-boussole.com\/?page_id=1998","name":"NOTRE HISTOIRE - LA BOUSSOLE PARIS","isPartOf":{"@id":"https:\/\/la-boussole.com\/#website"},"primaryImageOfPage":{"@id":"https:\/\/la-boussole.com\/?page_id=1998#primaryimage"},"image":{"@id":"https:\/\/la-boussole.com\/?page_id=1998#primaryimage"},"thumbnailUrl":"https:\/\/la-boussole.com\/wp-content\/uploads\/2022\/02\/IMG_7752-1440x960.jpg","datePublished":"2022-02-10T12:29:25+00:00","dateModified":"2022-02-14T13:42:11+00:00","breadcrumb":{"@id":"https:\/\/la-boussole.com\/?page_id=1998#breadcrumb"},"inLanguage":"fr-FR","potentialAction":[{"@type":"ReadAction","target":["https:\/\/la-boussole.com\/?page_id=1998"]}]},{"@type":"ImageObject","inLanguage":"fr-FR","@id":"https:\/\/la-boussole.com\/?page_id=1998#primaryimage","url":"https:\/\/la-boussole.com\/wp-content\/uploads\/2022\/02\/IMG_7752-scaled.jpg","contentUrl":"https:\/\/la-boussole.com\/wp-content\/uploads\/2022\/02\/IMG_7752-scaled.jpg","width":2560,"height":1707},{"@type":"BreadcrumbList","@id":"https:\/\/la-boussole.com\/?page_id=1998#breadcrumb","itemListElement":[{"@type":"ListItem","position":1,"name":"Accueil","item":"https:\/\/la-boussole.com\/"},{"@type":"ListItem","position":2,"name":"NOTRE HISTOIRE"}]},{"@type":"WebSite","@id":"https:\/\/la-boussole.com\/#website","url":"https:\/\/la-boussole.com\/","name":"LA BOUSSOLE PARIS","description":"","publisher":{"@id":"https:\/\/la-boussole.com\/#organization"},"potentialAction":[{"@type":"SearchAction","target":{"@type":"EntryPoint","urlTemplate":"https:\/\/la-boussole.com\/?s={search_term_string}"},"query-input":{"@type":"PropertyValueSpecification","valueRequired":true,"valueName":"search_term_string"}}],"inLanguage":"fr-FR"},{"@type":"Organization","@id":"https:\/\/la-boussole.com\/#organization","name":"LA BOUSSOLE PARIS","url":"https:\/\/la-boussole.com\/","logo":{"@type":"ImageObject","inLanguage":"fr-FR","@id":"https:\/\/la-boussole.com\/#\/schema\/logo\/image\/","url":"https:\/\/la-boussole.com\/wp-content\/uploads\/2022\/02\/cropped-Logo-vita-faca-A.jpg","contentUrl":"https:\/\/la-boussole.com\/wp-content\/uploads\/2022\/02\/cropped-Logo-vita-faca-A.jpg","width":512,"height":512,"caption":"LA BOUSSOLE PARIS"},"image":{"@id":"https:\/\/la-boussole.com\/#\/schema\/logo\/image\/"},"sameAs":["https:\/\/www.facebook.com\/laboussole.paris"]}]}},"_links":{"self":[{"href":"https:\/\/la-boussole.com\/index.php?rest_route=\/wp\/v2\/pages\/1998","targetHints":{"allow":["GET"]}}],"collection":[{"href":"https:\/\/la-boussole.com\/index.php?rest_route=\/wp\/v2\/pages"}],"about":[{"href":"https:\/\/la-boussole.com\/index.php?rest_route=\/wp\/v2\/types\/page"}],"author":[{"embeddable":true,"href":"https:\/\/la-boussole.com\/index.php?rest_route=\/wp\/v2\/users\/1"}],"replies":[{"embeddable":true,"href":"https:\/\/la-boussole.com\/index.php?rest_route=%2Fwp%2Fv2%2Fcomments&post=1998"}],"version-history":[{"count":6,"href":"https:\/\/la-boussole.com\/index.php?rest_route=\/wp\/v2\/pages\/1998\/revisions"}],"predecessor-version":[{"id":2102,"href":"https:\/\/la-boussole.com\/index.php?rest_route=\/wp\/v2\/pages\/1998\/revisions\/2102"}],"wp:attachment":[{"href":"https:\/\/la-boussole.com\/index.php?rest_route=%2Fwp%2Fv2%2Fmedia&parent=1998"}],"curies":[{"name":"wp","href":"https:\/\/api.w.org\/{rel}","templated":true}]}}