{"id":2000,"date":"2022-02-10T12:29:51","date_gmt":"2022-02-10T12:29:51","guid":{"rendered":"https:\/\/la-boussole.com\/?page_id=2000"},"modified":"2022-03-23T11:51:51","modified_gmt":"2022-03-23T11:51:51","slug":"notre-carte","status":"publish","type":"page","link":"https:\/\/la-boussole.com\/?page_id=2000","title":{"rendered":"NOTRE CARTE"},"content":{"rendered":"\n<p class=\"has-text-align-center\">Notre carte refl\u00e8te le voyage et toutes ses richesses &#8230;.<\/p>\n\n\n\n<p class=\"has-text-align-center\">Des entr\u00e9es et plats savoureux m\u00ealant exotisme, chaleur et amour des produits.<\/p>\n\n\n\n<p class=\"has-text-align-center\"><\/p>\n\n\n\n<p class=\"has-text-align-center\"><\/p>\n\n\n\n<p class=\"has-text-align-center\"><\/p>\n\n\n\n<p class=\"has-text-align-center\"><\/p>\n\n\n\n<figure class=\"wp-block-image size-large is-style-rounded\"><img fetchpriority=\"high\" decoding=\"async\" width=\"1440\" height=\"960\" src=\"https:\/\/la-boussole.com\/wp-content\/uploads\/2022\/02\/IMG_7758-1-1440x960.jpg\" alt=\"\" class=\"wp-image-2087\" srcset=\"https:\/\/la-boussole.com\/wp-content\/uploads\/2022\/02\/IMG_7758-1-1440x960.jpg 1440w, https:\/\/la-boussole.com\/wp-content\/uploads\/2022\/02\/IMG_7758-1-300x200.jpg 300w, https:\/\/la-boussole.com\/wp-content\/uploads\/2022\/02\/IMG_7758-1-1536x1024.jpg 1536w, https:\/\/la-boussole.com\/wp-content\/uploads\/2022\/02\/IMG_7758-1-2048x1365.jpg 2048w, https:\/\/la-boussole.com\/wp-content\/uploads\/2022\/02\/IMG_7758-1-800x533.jpg 800w\" sizes=\"(max-width: 1440px) 100vw, 1440px\" \/><\/figure>\n","protected":false},"excerpt":{"rendered":"<p>Notre carte refl\u00e8te le voyage et toutes ses richesses &#8230;. Des entr\u00e9es et plats savoureux m\u00ealant exotisme, chaleur et amour des produits.<\/p>\n","protected":false},"author":1,"featured_media":0,"parent":0,"menu_order":0,"comment_status":"closed","ping_status":"closed","template":"","meta":{"footnotes":""},"class_list":["post-2000","page","type-page","status-publish","hentry"],"yoast_head":"<!-- This site is optimized with the Yoast SEO plugin v24.0 - https:\/\/yoast.com\/wordpress\/plugins\/seo\/ -->\n<title>NOTRE CARTE - LA BOUSSOLE PARIS<\/title>\n<meta name=\"robots\" content=\"index, follow, max-snippet:-1, max-image-preview:large, max-video-preview:-1\" \/>\n<link rel=\"canonical\" href=\"https:\/\/la-boussole.com\/?page_id=2000\" \/>\n<meta property=\"og:locale\" content=\"fr_FR\" \/>\n<meta property=\"og:type\" content=\"article\" \/>\n<meta property=\"og:title\" content=\"NOTRE CARTE - LA BOUSSOLE PARIS\" \/>\n<meta property=\"og:description\" content=\"Notre carte refl\u00e8te le voyage et toutes ses richesses &#8230;. Des entr\u00e9es et plats savoureux m\u00ealant exotisme, chaleur et amour des produits.\" \/>\n<meta property=\"og:url\" content=\"https:\/\/la-boussole.com\/?page_id=2000\" \/>\n<meta property=\"og:site_name\" content=\"LA BOUSSOLE PARIS\" \/>\n<meta property=\"article:publisher\" content=\"https:\/\/www.facebook.com\/laboussole.paris\" \/>\n<meta property=\"article:modified_time\" content=\"2022-03-23T11:51:51+00:00\" \/>\n<meta property=\"og:image\" content=\"https:\/\/la-boussole.com\/wp-content\/uploads\/2022\/02\/IMG_7758-1-1440x960.jpg\" \/>\n<meta name=\"twitter:card\" content=\"summary_large_image\" \/>\n<meta name=\"twitter:label1\" content=\"Dur\u00e9e de lecture estim\u00e9e\" \/>\n\t<meta name=\"twitter:data1\" content=\"1 minute\" \/>\n<script type=\"application\/ld+json\" class=\"yoast-schema-graph\">{\"@context\":\"https:\/\/schema.org\",\"@graph\":[{\"@type\":\"WebPage\",\"@id\":\"https:\/\/la-boussole.com\/?page_id=2000\",\"url\":\"https:\/\/la-boussole.com\/?page_id=2000\",\"name\":\"NOTRE CARTE - LA BOUSSOLE PARIS\",\"isPartOf\":{\"@id\":\"https:\/\/la-boussole.com\/#website\"},\"primaryImageOfPage\":{\"@id\":\"https:\/\/la-boussole.com\/?page_id=2000#primaryimage\"},\"image\":{\"@id\":\"https:\/\/la-boussole.com\/?page_id=2000#primaryimage\"},\"thumbnailUrl\":\"https:\/\/la-boussole.com\/wp-content\/uploads\/2022\/02\/IMG_7758-1-1440x960.jpg\",\"datePublished\":\"2022-02-10T12:29:51+00:00\",\"dateModified\":\"2022-03-23T11:51:51+00:00\",\"breadcrumb\":{\"@id\":\"https:\/\/la-boussole.com\/?page_id=2000#breadcrumb\"},\"inLanguage\":\"fr-FR\",\"potentialAction\":[{\"@type\":\"ReadAction\",\"target\":[\"https:\/\/la-boussole.com\/?page_id=2000\"]}]},{\"@type\":\"ImageObject\",\"inLanguage\":\"fr-FR\",\"@id\":\"https:\/\/la-boussole.com\/?page_id=2000#primaryimage\",\"url\":\"https:\/\/la-boussole.com\/wp-content\/uploads\/2022\/02\/IMG_7758-1-scaled.jpg\",\"contentUrl\":\"https:\/\/la-boussole.com\/wp-content\/uploads\/2022\/02\/IMG_7758-1-scaled.jpg\",\"width\":2560,\"height\":1707},{\"@type\":\"BreadcrumbList\",\"@id\":\"https:\/\/la-boussole.com\/?page_id=2000#breadcrumb\",\"itemListElement\":[{\"@type\":\"ListItem\",\"position\":1,\"name\":\"Accueil\",\"item\":\"https:\/\/la-boussole.com\/\"},{\"@type\":\"ListItem\",\"position\":2,\"name\":\"NOTRE CARTE\"}]},{\"@type\":\"WebSite\",\"@id\":\"https:\/\/la-boussole.com\/#website\",\"url\":\"https:\/\/la-boussole.com\/\",\"name\":\"LA BOUSSOLE PARIS\",\"description\":\"\",\"publisher\":{\"@id\":\"https:\/\/la-boussole.com\/#organization\"},\"potentialAction\":[{\"@type\":\"SearchAction\",\"target\":{\"@type\":\"EntryPoint\",\"urlTemplate\":\"https:\/\/la-boussole.com\/?s={search_term_string}\"},\"query-input\":{\"@type\":\"PropertyValueSpecification\",\"valueRequired\":true,\"valueName\":\"search_term_string\"}}],\"inLanguage\":\"fr-FR\"},{\"@type\":\"Organization\",\"@id\":\"https:\/\/la-boussole.com\/#organization\",\"name\":\"LA BOUSSOLE PARIS\",\"url\":\"https:\/\/la-boussole.com\/\",\"logo\":{\"@type\":\"ImageObject\",\"inLanguage\":\"fr-FR\",\"@id\":\"https:\/\/la-boussole.com\/#\/schema\/logo\/image\/\",\"url\":\"https:\/\/la-boussole.com\/wp-content\/uploads\/2022\/02\/cropped-Logo-vita-faca-A.jpg\",\"contentUrl\":\"https:\/\/la-boussole.com\/wp-content\/uploads\/2022\/02\/cropped-Logo-vita-faca-A.jpg\",\"width\":512,\"height\":512,\"caption\":\"LA BOUSSOLE PARIS\"},\"image\":{\"@id\":\"https:\/\/la-boussole.com\/#\/schema\/logo\/image\/\"},\"sameAs\":[\"https:\/\/www.facebook.com\/laboussole.paris\"]}]}<\/script>\n<!-- \/ Yoast SEO plugin. -->","yoast_head_json":{"title":"NOTRE CARTE - LA BOUSSOLE PARIS","robots":{"index":"index","follow":"follow","max-snippet":"max-snippet:-1","max-image-preview":"max-image-preview:large","max-video-preview":"max-video-preview:-1"},"canonical":"https:\/\/la-boussole.com\/?page_id=2000","og_locale":"fr_FR","og_type":"article","og_title":"NOTRE CARTE - LA BOUSSOLE PARIS","og_description":"Notre carte refl\u00e8te le voyage et toutes ses richesses &#8230;. Des entr\u00e9es et plats savoureux m\u00ealant exotisme, chaleur et amour des produits.","og_url":"https:\/\/la-boussole.com\/?page_id=2000","og_site_name":"LA BOUSSOLE PARIS","article_publisher":"https:\/\/www.facebook.com\/laboussole.paris","article_modified_time":"2022-03-23T11:51:51+00:00","og_image":[{"url":"https:\/\/la-boussole.com\/wp-content\/uploads\/2022\/02\/IMG_7758-1-1440x960.jpg","type":"","width":"","height":""}],"twitter_card":"summary_large_image","twitter_misc":{"Dur\u00e9e de lecture estim\u00e9e":"1 minute"},"schema":{"@context":"https:\/\/schema.org","@graph":[{"@type":"WebPage","@id":"https:\/\/la-boussole.com\/?page_id=2000","url":"https:\/\/la-boussole.com\/?page_id=2000","name":"NOTRE CARTE - LA BOUSSOLE PARIS","isPartOf":{"@id":"https:\/\/la-boussole.com\/#website"},"primaryImageOfPage":{"@id":"https:\/\/la-boussole.com\/?page_id=2000#primaryimage"},"image":{"@id":"https:\/\/la-boussole.com\/?page_id=2000#primaryimage"},"thumbnailUrl":"https:\/\/la-boussole.com\/wp-content\/uploads\/2022\/02\/IMG_7758-1-1440x960.jpg","datePublished":"2022-02-10T12:29:51+00:00","dateModified":"2022-03-23T11:51:51+00:00","breadcrumb":{"@id":"https:\/\/la-boussole.com\/?page_id=2000#breadcrumb"},"inLanguage":"fr-FR","potentialAction":[{"@type":"ReadAction","target":["https:\/\/la-boussole.com\/?page_id=2000"]}]},{"@type":"ImageObject","inLanguage":"fr-FR","@id":"https:\/\/la-boussole.com\/?page_id=2000#primaryimage","url":"https:\/\/la-boussole.com\/wp-content\/uploads\/2022\/02\/IMG_7758-1-scaled.jpg","contentUrl":"https:\/\/la-boussole.com\/wp-content\/uploads\/2022\/02\/IMG_7758-1-scaled.jpg","width":2560,"height":1707},{"@type":"BreadcrumbList","@id":"https:\/\/la-boussole.com\/?page_id=2000#breadcrumb","itemListElement":[{"@type":"ListItem","position":1,"name":"Accueil","item":"https:\/\/la-boussole.com\/"},{"@type":"ListItem","position":2,"name":"NOTRE CARTE"}]},{"@type":"WebSite","@id":"https:\/\/la-boussole.com\/#website","url":"https:\/\/la-boussole.com\/","name":"LA BOUSSOLE PARIS","description":"","publisher":{"@id":"https:\/\/la-boussole.com\/#organization"},"potentialAction":[{"@type":"SearchAction","target":{"@type":"EntryPoint","urlTemplate":"https:\/\/la-boussole.com\/?s={search_term_string}"},"query-input":{"@type":"PropertyValueSpecification","valueRequired":true,"valueName":"search_term_string"}}],"inLanguage":"fr-FR"},{"@type":"Organization","@id":"https:\/\/la-boussole.com\/#organization","name":"LA BOUSSOLE PARIS","url":"https:\/\/la-boussole.com\/","logo":{"@type":"ImageObject","inLanguage":"fr-FR","@id":"https:\/\/la-boussole.com\/#\/schema\/logo\/image\/","url":"https:\/\/la-boussole.com\/wp-content\/uploads\/2022\/02\/cropped-Logo-vita-faca-A.jpg","contentUrl":"https:\/\/la-boussole.com\/wp-content\/uploads\/2022\/02\/cropped-Logo-vita-faca-A.jpg","width":512,"height":512,"caption":"LA BOUSSOLE PARIS"},"image":{"@id":"https:\/\/la-boussole.com\/#\/schema\/logo\/image\/"},"sameAs":["https:\/\/www.facebook.com\/laboussole.paris"]}]}},"_links":{"self":[{"href":"https:\/\/la-boussole.com\/index.php?rest_route=\/wp\/v2\/pages\/2000","targetHints":{"allow":["GET"]}}],"collection":[{"href":"https:\/\/la-boussole.com\/index.php?rest_route=\/wp\/v2\/pages"}],"about":[{"href":"https:\/\/la-boussole.com\/index.php?rest_route=\/wp\/v2\/types\/page"}],"author":[{"embeddable":true,"href":"https:\/\/la-boussole.com\/index.php?rest_route=\/wp\/v2\/users\/1"}],"replies":[{"embeddable":true,"href":"https:\/\/la-boussole.com\/index.php?rest_route=%2Fwp%2Fv2%2Fcomments&post=2000"}],"version-history":[{"count":4,"href":"https:\/\/la-boussole.com\/index.php?rest_route=\/wp\/v2\/pages\/2000\/revisions"}],"predecessor-version":[{"id":2238,"href":"https:\/\/la-boussole.com\/index.php?rest_route=\/wp\/v2\/pages\/2000\/revisions\/2238"}],"wp:attachment":[{"href":"https:\/\/la-boussole.com\/index.php?rest_route=%2Fwp%2Fv2%2Fmedia&parent=2000"}],"curies":[{"name":"wp","href":"https:\/\/api.w.org\/{rel}","templated":true}]}}