{"id":2017,"date":"2022-02-10T13:06:49","date_gmt":"2022-02-10T13:06:49","guid":{"rendered":"https:\/\/la-boussole.com\/?page_id=2017"},"modified":"2024-01-24T12:18:08","modified_gmt":"2024-01-24T12:18:08","slug":"nous-contacter","status":"publish","type":"page","link":"https:\/\/la-boussole.com\/?page_id=2017","title":{"rendered":"NOUS CONTACTER"},"content":{"rendered":"\n<p class=\"has-text-align-center\">&#8211; <strong>RESERVATION<\/strong> &#8211;<\/p>\n\n\n\n<p class=\"has-text-align-center\">Lieu de D\u00e9lices, lieu de Plaisir, lieu de vos meilleurs Souvenirs ! N\u2019h\u00e9sitez pas \u00e0 nous contacter pour une r\u00e9servation au\u00a0<a href=\"tel:+330546505048\">01 56 24 82 20<\/a>\u00a0ou nous envoyer un mail sur:\u00a0<a href=\"mailto:laboussole-lr@orange.fr\">laboussole.paris<\/a>@gmail.com<\/p>\n\n\n\n<p class=\"has-text-align-center\"><strong>OU DIRECTEMENT EN CLIQUANT SUR CE LIEN :<\/strong> <\/p>\n\n\n\n<p class=\"has-text-align-center\"><a href=\"https:\/\/module.lafourchette.com\/fr_FR\/module\/2200-cc3f2\">https:\/\/module.lafourchette.com\/fr_FR\/module\/2200-cc3f2<\/a><\/p>\n\n\n\n<p><\/p>\n\n\n\n<p><\/p>\n\n\n\n<p class=\"has-text-align-center\">&#8211; <strong>DEMANDES SP\u00c9CIALES<\/strong> &#8211;<\/p>\n\n\n\n<p class=\"has-text-align-center\">Un concept in\u00e9dit : Privatisez \u00a0\u00bb LA BOUSSOLE \u00a0\u00bb pour rendre votre \u00e9v\u00e8nement unique et magique. Lieu de D\u00e9lices, lieu de Plaisir, lieu de vos meilleurs Souvenirs ! <\/p>\n\n\n\n<p class=\"has-text-align-center\">Contactez-nous sur\u00a0\u00a0<a href=\"mailto:laboussole.serviceclients@gmail.com\"><a href=\"mailto:laboussole-lr@orange.fr\">laboussole.paris@gmail.com<\/a><\/a><\/p>\n\n\n\n<figure class=\"wp-block-gallery aligncenter has-nested-images columns-default is-cropped wp-block-gallery-1 is-layout-flex wp-block-gallery-is-layout-flex\">\n<figure class=\"wp-block-image size-large\"><img fetchpriority=\"high\" decoding=\"async\" width=\"1440\" height=\"960\" data-id=\"2128\" src=\"https:\/\/la-boussole.com\/wp-content\/uploads\/2022\/02\/IMG_8252-1-1440x960.jpg\" alt=\"\" class=\"wp-image-2128\" srcset=\"https:\/\/la-boussole.com\/wp-content\/uploads\/2022\/02\/IMG_8252-1-1440x960.jpg 1440w, https:\/\/la-boussole.com\/wp-content\/uploads\/2022\/02\/IMG_8252-1-300x200.jpg 300w, https:\/\/la-boussole.com\/wp-content\/uploads\/2022\/02\/IMG_8252-1-1536x1024.jpg 1536w, https:\/\/la-boussole.com\/wp-content\/uploads\/2022\/02\/IMG_8252-1-2048x1365.jpg 2048w, https:\/\/la-boussole.com\/wp-content\/uploads\/2022\/02\/IMG_8252-1-800x533.jpg 800w\" sizes=\"(max-width: 1440px) 100vw, 1440px\" \/><\/figure>\n<\/figure>\n","protected":false},"excerpt":{"rendered":"<p>&#8211; RESERVATION &#8211; Lieu de D\u00e9lices, lieu de Plaisir, lieu de vos meilleurs Souvenirs ! N\u2019h\u00e9sitez pas \u00e0 nous contacter pour une r\u00e9servation au\u00a001 56&hellip;<\/p>\n","protected":false},"author":1,"featured_media":0,"parent":0,"menu_order":0,"comment_status":"closed","ping_status":"closed","template":"","meta":{"footnotes":""},"class_list":["post-2017","page","type-page","status-publish","hentry"],"yoast_head":"<!-- This site is optimized with the Yoast SEO plugin v24.0 - https:\/\/yoast.com\/wordpress\/plugins\/seo\/ -->\n<title>NOUS CONTACTER - LA BOUSSOLE PARIS<\/title>\n<meta name=\"robots\" content=\"index, follow, max-snippet:-1, max-image-preview:large, max-video-preview:-1\" \/>\n<link rel=\"canonical\" href=\"https:\/\/la-boussole.com\/?page_id=2017\" \/>\n<meta property=\"og:locale\" content=\"fr_FR\" \/>\n<meta property=\"og:type\" content=\"article\" \/>\n<meta property=\"og:title\" content=\"NOUS CONTACTER - LA BOUSSOLE PARIS\" \/>\n<meta property=\"og:description\" content=\"&#8211; RESERVATION &#8211; Lieu de D\u00e9lices, lieu de Plaisir, lieu de vos meilleurs Souvenirs ! N\u2019h\u00e9sitez pas \u00e0 nous contacter pour une r\u00e9servation au\u00a001 56&hellip;\" \/>\n<meta property=\"og:url\" content=\"https:\/\/la-boussole.com\/?page_id=2017\" \/>\n<meta property=\"og:site_name\" content=\"LA BOUSSOLE PARIS\" \/>\n<meta property=\"article:publisher\" content=\"https:\/\/www.facebook.com\/laboussole.paris\" \/>\n<meta property=\"article:modified_time\" content=\"2024-01-24T12:18:08+00:00\" \/>\n<meta property=\"og:image\" content=\"https:\/\/la-boussole.com\/wp-content\/uploads\/2022\/02\/IMG_8252-1-1440x960.jpg\" \/>\n<meta name=\"twitter:card\" content=\"summary_large_image\" \/>\n<meta name=\"twitter:label1\" content=\"Dur\u00e9e de lecture estim\u00e9e\" \/>\n\t<meta name=\"twitter:data1\" content=\"1 minute\" \/>\n<script type=\"application\/ld+json\" class=\"yoast-schema-graph\">{\"@context\":\"https:\/\/schema.org\",\"@graph\":[{\"@type\":\"WebPage\",\"@id\":\"https:\/\/la-boussole.com\/?page_id=2017\",\"url\":\"https:\/\/la-boussole.com\/?page_id=2017\",\"name\":\"NOUS CONTACTER - LA BOUSSOLE PARIS\",\"isPartOf\":{\"@id\":\"https:\/\/la-boussole.com\/#website\"},\"primaryImageOfPage\":{\"@id\":\"https:\/\/la-boussole.com\/?page_id=2017#primaryimage\"},\"image\":{\"@id\":\"https:\/\/la-boussole.com\/?page_id=2017#primaryimage\"},\"thumbnailUrl\":\"https:\/\/la-boussole.com\/wp-content\/uploads\/2022\/02\/IMG_8252-1-1440x960.jpg\",\"datePublished\":\"2022-02-10T13:06:49+00:00\",\"dateModified\":\"2024-01-24T12:18:08+00:00\",\"breadcrumb\":{\"@id\":\"https:\/\/la-boussole.com\/?page_id=2017#breadcrumb\"},\"inLanguage\":\"fr-FR\",\"potentialAction\":[{\"@type\":\"ReadAction\",\"target\":[\"https:\/\/la-boussole.com\/?page_id=2017\"]}]},{\"@type\":\"ImageObject\",\"inLanguage\":\"fr-FR\",\"@id\":\"https:\/\/la-boussole.com\/?page_id=2017#primaryimage\",\"url\":\"https:\/\/la-boussole.com\/wp-content\/uploads\/2022\/02\/IMG_8252-1-scaled.jpg\",\"contentUrl\":\"https:\/\/la-boussole.com\/wp-content\/uploads\/2022\/02\/IMG_8252-1-scaled.jpg\",\"width\":2560,\"height\":1707},{\"@type\":\"BreadcrumbList\",\"@id\":\"https:\/\/la-boussole.com\/?page_id=2017#breadcrumb\",\"itemListElement\":[{\"@type\":\"ListItem\",\"position\":1,\"name\":\"Accueil\",\"item\":\"https:\/\/la-boussole.com\/\"},{\"@type\":\"ListItem\",\"position\":2,\"name\":\"NOUS CONTACTER\"}]},{\"@type\":\"WebSite\",\"@id\":\"https:\/\/la-boussole.com\/#website\",\"url\":\"https:\/\/la-boussole.com\/\",\"name\":\"LA BOUSSOLE PARIS\",\"description\":\"\",\"publisher\":{\"@id\":\"https:\/\/la-boussole.com\/#organization\"},\"potentialAction\":[{\"@type\":\"SearchAction\",\"target\":{\"@type\":\"EntryPoint\",\"urlTemplate\":\"https:\/\/la-boussole.com\/?s={search_term_string}\"},\"query-input\":{\"@type\":\"PropertyValueSpecification\",\"valueRequired\":true,\"valueName\":\"search_term_string\"}}],\"inLanguage\":\"fr-FR\"},{\"@type\":\"Organization\",\"@id\":\"https:\/\/la-boussole.com\/#organization\",\"name\":\"LA BOUSSOLE PARIS\",\"url\":\"https:\/\/la-boussole.com\/\",\"logo\":{\"@type\":\"ImageObject\",\"inLanguage\":\"fr-FR\",\"@id\":\"https:\/\/la-boussole.com\/#\/schema\/logo\/image\/\",\"url\":\"https:\/\/la-boussole.com\/wp-content\/uploads\/2022\/02\/cropped-Logo-vita-faca-A.jpg\",\"contentUrl\":\"https:\/\/la-boussole.com\/wp-content\/uploads\/2022\/02\/cropped-Logo-vita-faca-A.jpg\",\"width\":512,\"height\":512,\"caption\":\"LA BOUSSOLE PARIS\"},\"image\":{\"@id\":\"https:\/\/la-boussole.com\/#\/schema\/logo\/image\/\"},\"sameAs\":[\"https:\/\/www.facebook.com\/laboussole.paris\"]}]}<\/script>\n<!-- \/ Yoast SEO plugin. -->","yoast_head_json":{"title":"NOUS CONTACTER - LA BOUSSOLE PARIS","robots":{"index":"index","follow":"follow","max-snippet":"max-snippet:-1","max-image-preview":"max-image-preview:large","max-video-preview":"max-video-preview:-1"},"canonical":"https:\/\/la-boussole.com\/?page_id=2017","og_locale":"fr_FR","og_type":"article","og_title":"NOUS CONTACTER - LA BOUSSOLE PARIS","og_description":"&#8211; RESERVATION &#8211; Lieu de D\u00e9lices, lieu de Plaisir, lieu de vos meilleurs Souvenirs ! N\u2019h\u00e9sitez pas \u00e0 nous contacter pour une r\u00e9servation au\u00a001 56&hellip;","og_url":"https:\/\/la-boussole.com\/?page_id=2017","og_site_name":"LA BOUSSOLE PARIS","article_publisher":"https:\/\/www.facebook.com\/laboussole.paris","article_modified_time":"2024-01-24T12:18:08+00:00","og_image":[{"url":"https:\/\/la-boussole.com\/wp-content\/uploads\/2022\/02\/IMG_8252-1-1440x960.jpg","type":"","width":"","height":""}],"twitter_card":"summary_large_image","twitter_misc":{"Dur\u00e9e de lecture estim\u00e9e":"1 minute"},"schema":{"@context":"https:\/\/schema.org","@graph":[{"@type":"WebPage","@id":"https:\/\/la-boussole.com\/?page_id=2017","url":"https:\/\/la-boussole.com\/?page_id=2017","name":"NOUS CONTACTER - LA BOUSSOLE PARIS","isPartOf":{"@id":"https:\/\/la-boussole.com\/#website"},"primaryImageOfPage":{"@id":"https:\/\/la-boussole.com\/?page_id=2017#primaryimage"},"image":{"@id":"https:\/\/la-boussole.com\/?page_id=2017#primaryimage"},"thumbnailUrl":"https:\/\/la-boussole.com\/wp-content\/uploads\/2022\/02\/IMG_8252-1-1440x960.jpg","datePublished":"2022-02-10T13:06:49+00:00","dateModified":"2024-01-24T12:18:08+00:00","breadcrumb":{"@id":"https:\/\/la-boussole.com\/?page_id=2017#breadcrumb"},"inLanguage":"fr-FR","potentialAction":[{"@type":"ReadAction","target":["https:\/\/la-boussole.com\/?page_id=2017"]}]},{"@type":"ImageObject","inLanguage":"fr-FR","@id":"https:\/\/la-boussole.com\/?page_id=2017#primaryimage","url":"https:\/\/la-boussole.com\/wp-content\/uploads\/2022\/02\/IMG_8252-1-scaled.jpg","contentUrl":"https:\/\/la-boussole.com\/wp-content\/uploads\/2022\/02\/IMG_8252-1-scaled.jpg","width":2560,"height":1707},{"@type":"BreadcrumbList","@id":"https:\/\/la-boussole.com\/?page_id=2017#breadcrumb","itemListElement":[{"@type":"ListItem","position":1,"name":"Accueil","item":"https:\/\/la-boussole.com\/"},{"@type":"ListItem","position":2,"name":"NOUS CONTACTER"}]},{"@type":"WebSite","@id":"https:\/\/la-boussole.com\/#website","url":"https:\/\/la-boussole.com\/","name":"LA BOUSSOLE PARIS","description":"","publisher":{"@id":"https:\/\/la-boussole.com\/#organization"},"potentialAction":[{"@type":"SearchAction","target":{"@type":"EntryPoint","urlTemplate":"https:\/\/la-boussole.com\/?s={search_term_string}"},"query-input":{"@type":"PropertyValueSpecification","valueRequired":true,"valueName":"search_term_string"}}],"inLanguage":"fr-FR"},{"@type":"Organization","@id":"https:\/\/la-boussole.com\/#organization","name":"LA BOUSSOLE PARIS","url":"https:\/\/la-boussole.com\/","logo":{"@type":"ImageObject","inLanguage":"fr-FR","@id":"https:\/\/la-boussole.com\/#\/schema\/logo\/image\/","url":"https:\/\/la-boussole.com\/wp-content\/uploads\/2022\/02\/cropped-Logo-vita-faca-A.jpg","contentUrl":"https:\/\/la-boussole.com\/wp-content\/uploads\/2022\/02\/cropped-Logo-vita-faca-A.jpg","width":512,"height":512,"caption":"LA BOUSSOLE PARIS"},"image":{"@id":"https:\/\/la-boussole.com\/#\/schema\/logo\/image\/"},"sameAs":["https:\/\/www.facebook.com\/laboussole.paris"]}]}},"_links":{"self":[{"href":"https:\/\/la-boussole.com\/index.php?rest_route=\/wp\/v2\/pages\/2017","targetHints":{"allow":["GET"]}}],"collection":[{"href":"https:\/\/la-boussole.com\/index.php?rest_route=\/wp\/v2\/pages"}],"about":[{"href":"https:\/\/la-boussole.com\/index.php?rest_route=\/wp\/v2\/types\/page"}],"author":[{"embeddable":true,"href":"https:\/\/la-boussole.com\/index.php?rest_route=\/wp\/v2\/users\/1"}],"replies":[{"embeddable":true,"href":"https:\/\/la-boussole.com\/index.php?rest_route=%2Fwp%2Fv2%2Fcomments&post=2017"}],"version-history":[{"count":5,"href":"https:\/\/la-boussole.com\/index.php?rest_route=\/wp\/v2\/pages\/2017\/revisions"}],"predecessor-version":[{"id":2275,"href":"https:\/\/la-boussole.com\/index.php?rest_route=\/wp\/v2\/pages\/2017\/revisions\/2275"}],"wp:attachment":[{"href":"https:\/\/la-boussole.com\/index.php?rest_route=%2Fwp%2Fv2%2Fmedia&parent=2017"}],"curies":[{"name":"wp","href":"https:\/\/api.w.org\/{rel}","templated":true}]}}