{"id":2043,"date":"2022-02-10T13:48:14","date_gmt":"2022-02-10T13:48:14","guid":{"rendered":"https:\/\/la-boussole.com\/?page_id=2043"},"modified":"2024-05-16T12:52:32","modified_gmt":"2024-05-16T12:52:32","slug":"menu-du-jour","status":"publish","type":"page","link":"https:\/\/la-boussole.com\/?page_id=2043","title":{"rendered":"Menu du jour"},"content":{"rendered":"\n<p class=\"has-text-align-center\">&#8211; DECOUVREZ &#8211;<\/p>\n\n\n\n<h2 class=\"wp-block-heading has-text-align-center\" id=\"notre-menu-du-midi\">Notre carte<\/h2>\n\n\n\n<p class=\"has-text-align-center\"><br>\u25e6 Venez d\u00e9couvrir notre nouvelle carte dans un cadre chic et d\u00e9contract\u00e9, dans un d\u00e9cor m\u00ealant bois, lumi\u00e8re douces et plantes &#8230;.<\/p>\n\n\n\n<p><\/p>\n\n\n\n<p class=\"has-text-align-center\">Venez vivre une exp\u00e9rience hors du commun dans un cadre id\u00e9al pour s\u2019\u00e9vader !<\/p>\n\n\n\n<p class=\"has-text-align-center\"><strong>MENU<\/strong> <strong>MIDI <\/strong>:<\/p>\n\n\n\n<p class=\"has-text-align-center\">* Plats semaine : 18,90 \u20ac \/ Plats week-end : 20,90 \u20ac<\/p>\n\n\n\n<p class=\"has-text-align-center\">* Entr\u00e9es \/ Plats ou Plats \/ Desserts : 24,90 \u20ac<\/p>\n\n\n\n<p class=\"has-text-align-center\">* Entr\u00e9es \/ Plats \/ Desserts : 30,90 \u20ac<\/p>\n\n\n\n<p><\/p>\n\n\n\n<p class=\"has-text-align-center\"><strong>Entr\u00e9es<\/strong><\/p>\n\n\n\n<p class=\"has-text-align-center\">Soupe \u00e0 l\u2019oignon gratin\u00e9e&nbsp;\u00e0 l\u2019emmental<\/p>\n\n\n\n<p class=\"has-text-align-center has-vivid-red-color has-text-color has-link-color wp-elements-ab86b9c15b32e8c295aaca69acfd0d50\"><em>Onion soup gratinated with Emmental<\/em><\/p>\n\n\n\n<p class=\"has-text-align-center\">Escargots de Bourgogne, beurre persill\u00e9<\/p>\n\n\n\n<p class=\"has-text-align-center has-vivid-red-color has-text-color has-link-color wp-elements-f6c6585dbc74ef36e697396eb36cf5b3\"><em>Burgundy snails, parsley butter<\/em><\/p>\n\n\n\n<p class=\"has-text-align-center has-black-color has-text-color has-link-color wp-elements-d6cde3fde91f45dc902b56f0efef79d4\">Foie gras mi-cuit de canard fran\u00e7ais, fleur de sel de Gu\u00e9rande, poivre de Kampot, chutney figue mangue&nbsp;(Supp 4 \u20ac)<\/p>\n\n\n\n<p class=\"has-text-align-center has-vivid-red-color has-text-color has-link-color wp-elements-d9de7c72bdecfd23c4cc0056d8ebf62d\"><br><em>French duck foie gras, Gu\u00e9rande fleur de sel, Kampot pepper, fig-mango chutney&nbsp;(Supp 4 \u20ac)<\/em><\/p>\n\n\n\n<p class=\"has-text-align-center\">Camembert AOP de Normandie r\u00f4ti au four&nbsp;au sirop d\u2019\u00e9rable, romarin, \u00e9pices cajuns<\/p>\n\n\n\n<p class=\"has-text-align-center has-vivid-red-color has-text-color has-link-color wp-elements-bf414689d9ab1ba297715c2e614504d9\"><em>Camembert AOP from Normandy oven-roasted with maple syrup, rosemary, Cajun spices<\/em><\/p>\n\n\n\n<p class=\"has-text-align-center\">Ravioles de crevettes en bouillon de pot-au-feu<\/p>\n\n\n\n<p class=\"has-text-align-center has-vivid-red-color has-text-color has-link-color wp-elements-edf0a4d2b370ac25d20118c7f8a7ff69\"><em>Shrimp ravioli in broth of Pot au feu<\/em><\/p>\n\n\n\n<p class=\"has-text-align-center\">Nems v\u00e9g\u00e9tariens, sauce carotte de May, salade verte<\/p>\n\n\n\n<p class=\"has-text-align-center has-vivid-red-color has-text-color has-link-color wp-elements-214a4e31fb29d94f95cfdc7a2c6c00ab\"><em>Vegetarian spring rolls, May carrot sauce, green salad<\/em><\/p>\n\n\n\n<p class=\"has-text-align-center\">\u0152uf&nbsp;parfait BIO \u00e0 la cr\u00e8me de champignons, parmesan, brisures de truffe<\/p>\n\n\n\n<p class=\"has-text-align-center has-vivid-red-color has-text-color has-link-color wp-elements-e0e74ae28f49a9b42f6216bb7e6c2ab7\"><em>Organic perfect egg with mushroom cream, parmesan cheese,truffle pieces<\/em><\/p>\n\n\n\n<p class=\"has-text-align-center\">Cocotte de crustac\u00e9s (St Jacques, moules, crevette) sauce Tom-Yum<\/p>\n\n\n\n<p class=\"has-text-align-center has-vivid-red-color has-text-color has-link-color wp-elements-b554b76b8e5106e52fb125146e411f5e\"><em>Shellfish casserole (scallops, mussels, shrimp) Tom-Yum sauce<\/em><\/p>\n\n\n\n<p class=\"has-text-align-center\"><strong>Plats<\/strong><\/p>\n\n\n\n<p class=\"has-text-align-center\">Tigre qui pleure, \u00e9minc\u00e9 de&nbsp;filet de c\u0153ur de&nbsp;rumsteck \u00e0 la tha\u00ef &amp; herbes fra\u00eeches<\/p>\n\n\n\n<p class=\"has-text-align-center has-vivid-red-color has-text-color has-link-color wp-elements-3e720483883ddf2386016b028c0744c8\"><em>Beef marinated with soft Thai spices.<\/em><\/p>\n\n\n\n<p class=\"has-text-align-center\">Magret de canard fran\u00e7ais, sauce soja au miel&nbsp;(Supp 2&nbsp;\u20ac)<\/p>\n\n\n\n<p class=\"has-text-align-center has-vivid-red-color has-text-color has-link-color wp-elements-a781e2c0949400498c5395e0e153dd42\"><em>Southwestern duck breast, honey soy sauce&nbsp;<\/em><em>(Supp 2&nbsp;<\/em><em>\u20ac<\/em><em>)<\/em><\/p>\n\n\n\n<p class=\"has-text-align-center\">Couscous de poulet revisit\u00e9 aux fruits secs, \u00e9pices rouges Tandoori<\/p>\n\n\n\n<p class=\"has-text-align-center has-vivid-red-color has-text-color has-link-color wp-elements-37dfe6fceb599e22770019e7960e2486\"><em>Chicken couscous, dry fruit and red spices Tandoori<\/em><\/p>\n\n\n\n<p class=\"has-text-align-center\">Pad tha\u00ef au poulet (tofu, cacahu\u00e8te, soja, \u0153uf, radis, nouilles)<\/p>\n\n\n\n<p class=\"has-text-align-center has-vivid-red-color has-text-color has-link-color wp-elements-840f826b8e5123e587d45ba1c451f3ee\"><em>Chicken Pad Thai (tofu, peanuts, soy, egg, radish, chicken, noodles)<\/em><\/p>\n\n\n\n<p class=\"has-text-align-center\">C\u00f4te de veau Origine France, sauce aux morilles\u00a0(Supp 5\u00a0\u20ac)<\/p>\n\n\n\n<p class=\"has-text-align-center has-vivid-red-color has-text-color has-link-color wp-elements-9e40b040f1c9fc033e4a312c451c23a3\"><em>Veal chop from France, morel sauce&nbsp;<\/em><em>(Supp 5<\/em><em>\u20ac<\/em><em>)<\/em><\/p>\n\n\n\n<p class=\"has-text-align-center\">Tataki de saumon d\u2019Ecosse Label rouge, sauce teriyaki &amp; l\u00e9gumes croquants&nbsp;(Supp 2&nbsp;\u20ac)<\/p>\n\n\n\n<p class=\"has-text-align-center has-vivid-red-color has-text-color has-link-color wp-elements-359d9a49da6bd1541ee2766f2a417e3d\"><em>Red Label Scottish salmon tataki, teriyaki sauce &amp; crunchy vegetables&nbsp;<\/em><em>(Supp 2 \u20ac)<\/em><\/p>\n\n\n\n<p class=\"has-text-align-center\">Linguines aux&nbsp;crevettes, sauce \u00e0 l\u2019ail, persil, huile d\u2019olive &amp; tomates cerises<\/p>\n\n\n\n<p class=\"has-text-align-center has-vivid-red-color has-text-color has-link-color wp-elements-16e46b893684675dfbeaf9dc681b4ef8\"><em>Prawn linguine with garlic sauce, parsley, olive oil &amp; cherry tomatoes<\/em><\/p>\n\n\n\n<p class=\"has-text-align-center\">Poisson du jour selon arrivage&nbsp;(Supp 2&nbsp;\u20ac)<\/p>\n\n\n\n<p class=\"has-text-align-center has-vivid-red-color has-text-color has-link-color wp-elements-eddd905879001528ae65710d107a691a\"><em>Fish of the day depending on arrival&nbsp;<\/em><em>(Supp 2 \u20ac)<\/em><\/p>\n\n\n\n<p class=\"has-text-align-center\">Marmite de la mer (saumon, Saint Jacques, crevettes, moules, sauce Tom-Yum)<\/p>\n\n\n\n<p class=\"has-text-align-center has-vivid-red-color has-text-color has-link-color wp-elements-10e2e4fdf440b6a4f1bd72b2e1fce952\"><em>Sea pot (salmon, scallops, shrimps, mussels, Tom-yum sauce)<\/em><\/p>\n\n\n\n<p class=\"has-text-align-center\"><strong>V\u00e9g\u00e9tariens :<\/strong><\/p>\n\n\n\n<p class=\"has-text-align-center\">Linguine \u00e0 la proven\u00e7ale<\/p>\n\n\n\n<p class=\"has-text-align-center has-vivid-red-color has-text-color has-link-color wp-elements-0b27e76e80ac576179e248f3f21e3fed\"><em>Linguine with homemade tomatoes sauce<\/em><\/p>\n\n\n\n<p class=\"has-text-align-center\">Pad tha\u00ef v\u00e9g\u00e9tarien (tofu, nouilles&nbsp;cacahu\u00e8te, soja, \u0153uf, radis)<\/p>\n\n\n\n<p class=\"has-text-align-center has-vivid-red-color has-text-color has-link-color wp-elements-af51c2f5631eaaf2431239196764621c\"><em>Vegetarian pad Thai (tofu, peanuts, soy, egg, radish, noodles)<\/em><\/p>\n\n\n\n<p class=\"has-text-align-center\">Couscous v\u00e9g\u00e9tarien aux l\u00e9gumes, pois chiches &amp; \u00e9pices douces<\/p>\n\n\n\n<p class=\"has-text-align-center has-vivid-red-color has-text-color has-link-color wp-elements-0c55802ffb660e2fa45a508d52b463cd\"><em>Vegetarian couscous with fresh vegetables, chickpeas and mild spices<\/em><\/p>\n\n\n\n<p class=\"has-text-align-center\"><strong>Desserts<\/strong><\/p>\n\n\n\n<p class=\"has-text-align-center\">Assiettes de fromages, mesclun &amp; fruits secs<\/p>\n\n\n\n<p class=\"has-text-align-center has-vivid-red-color has-text-color has-link-color wp-elements-4e0bd51363c22ea3487db45161a105f5\"><em>Cheese plate, mixed greens &amp; dried fruits<\/em><\/p>\n\n\n\n<p class=\"has-text-align-center\">Moelleux au chocolat noir Valrhona, f\u00e8ve de Tonka, cr\u00e8me anglaise<\/p>\n\n\n\n<p class=\"has-text-align-center has-vivid-red-color has-text-color has-link-color wp-elements-1d07b4457fbd063a159fb58b3404e092\"><em>Soft dark Valrhona chocolate cake, custard cream<\/em><\/p>\n\n\n\n<p class=\"has-text-align-center\">Ile flottante, cr\u00e8me anglaise<\/p>\n\n\n\n<p class=\"has-text-align-center has-vivid-red-color has-text-color has-link-color wp-elements-28e84d552b718a9e3b44e05658606d84\"><em>Floating island served with custard cream<\/em><\/p>\n\n\n\n<p class=\"has-text-align-center\">La classique cr\u00e8me brul\u00e9e \u00e0 la vanille<\/p>\n\n\n\n<p class=\"has-text-align-center has-vivid-red-color has-text-color has-link-color wp-elements-13c1b3e52ae4b0dd18bc8470d62b2336\"><em>Cr\u00e8me brul\u00e9e<\/em><\/p>\n\n\n\n<p class=\"has-text-align-center\">Verrine fa\u00e7on tarte citron au combawa, chantilly &amp; amandes caram\u00e9lis\u00e9es<\/p>\n\n\n\n<p class=\"has-text-align-center has-vivid-red-color has-text-color has-link-color wp-elements-a86bbd8c89857ef872a37e8f1e16cd49\"><em>Lemon pie with kaffir lime whipped cream and caramelized almonds<\/em><\/p>\n\n\n\n<p class=\"has-text-align-center\">Tiramisu \u00e0 la pistache<\/p>\n\n\n\n<p class=\"has-text-align-center has-vivid-red-color has-text-color has-link-color wp-elements-57c795d215c37887d61dee70b0d671b2\"><em>Pistachio tiramisu<\/em><\/p>\n\n\n\n<p class=\"has-text-align-center\">Caf\u00e9 gourmand&nbsp;(Supp 2 \u20ac )\/ Th\u00e9 gourmand supp&nbsp;(Supp 4 \u20ac)<\/p>\n\n\n\n<p><\/p>\n\n\n\n<p><\/p>\n\n\n\n<figure class=\"wp-block-image size-large is-style-rounded\"><img fetchpriority=\"high\" decoding=\"async\" width=\"1440\" height=\"960\" src=\"https:\/\/la-boussole.com\/wp-content\/uploads\/2022\/02\/IMG_7958-1440x960.jpg\" alt=\"\" class=\"wp-image-2095\" srcset=\"https:\/\/la-boussole.com\/wp-content\/uploads\/2022\/02\/IMG_7958-1440x960.jpg 1440w, https:\/\/la-boussole.com\/wp-content\/uploads\/2022\/02\/IMG_7958-300x200.jpg 300w, https:\/\/la-boussole.com\/wp-content\/uploads\/2022\/02\/IMG_7958-1536x1024.jpg 1536w, https:\/\/la-boussole.com\/wp-content\/uploads\/2022\/02\/IMG_7958-2048x1365.jpg 2048w, https:\/\/la-boussole.com\/wp-content\/uploads\/2022\/02\/IMG_7958-800x533.jpg 800w\" sizes=\"(max-width: 1440px) 100vw, 1440px\" \/><\/figure>\n\n\n\n<figure class=\"wp-block-image size-large is-style-rounded\"><img decoding=\"async\" width=\"1440\" height=\"960\" src=\"https:\/\/la-boussole.com\/wp-content\/uploads\/2022\/03\/IMG_7913-copie-1440x960.jpg\" alt=\"\" class=\"wp-image-2233\" srcset=\"https:\/\/la-boussole.com\/wp-content\/uploads\/2022\/03\/IMG_7913-copie-1440x960.jpg 1440w, https:\/\/la-boussole.com\/wp-content\/uploads\/2022\/03\/IMG_7913-copie-300x200.jpg 300w, https:\/\/la-boussole.com\/wp-content\/uploads\/2022\/03\/IMG_7913-copie-1536x1024.jpg 1536w, https:\/\/la-boussole.com\/wp-content\/uploads\/2022\/03\/IMG_7913-copie-2048x1365.jpg 2048w, https:\/\/la-boussole.com\/wp-content\/uploads\/2022\/03\/IMG_7913-copie-800x533.jpg 800w\" sizes=\"(max-width: 1440px) 100vw, 1440px\" \/><\/figure>\n\n\n\n<figure class=\"wp-block-image size-large is-style-rounded\"><img decoding=\"async\" width=\"1440\" height=\"960\" src=\"https:\/\/la-boussole.com\/wp-content\/uploads\/2022\/03\/IMG_8149-1440x960.jpg\" alt=\"\" class=\"wp-image-2234\" srcset=\"https:\/\/la-boussole.com\/wp-content\/uploads\/2022\/03\/IMG_8149-1440x960.jpg 1440w, https:\/\/la-boussole.com\/wp-content\/uploads\/2022\/03\/IMG_8149-300x200.jpg 300w, https:\/\/la-boussole.com\/wp-content\/uploads\/2022\/03\/IMG_8149-1536x1024.jpg 1536w, https:\/\/la-boussole.com\/wp-content\/uploads\/2022\/03\/IMG_8149-2048x1365.jpg 2048w, https:\/\/la-boussole.com\/wp-content\/uploads\/2022\/03\/IMG_8149-800x533.jpg 800w\" sizes=\"(max-width: 1440px) 100vw, 1440px\" \/><\/figure>\n\n\n","protected":false},"excerpt":{"rendered":"<p>&#8211; DECOUVREZ &#8211; Notre carte \u25e6 Venez d\u00e9couvrir notre nouvelle carte dans un cadre chic et d\u00e9contract\u00e9, dans un d\u00e9cor m\u00ealant bois, lumi\u00e8re douces et&hellip;<\/p>\n","protected":false},"author":1,"featured_media":0,"parent":0,"menu_order":0,"comment_status":"closed","ping_status":"closed","template":"","meta":{"footnotes":""},"class_list":["post-2043","page","type-page","status-publish","hentry"],"yoast_head":"<!-- This site is optimized with the Yoast SEO plugin v24.0 - https:\/\/yoast.com\/wordpress\/plugins\/seo\/ -->\n<title>Menu du jour - LA BOUSSOLE PARIS<\/title>\n<meta name=\"robots\" content=\"index, follow, max-snippet:-1, max-image-preview:large, max-video-preview:-1\" \/>\n<link rel=\"canonical\" href=\"https:\/\/la-boussole.com\/?page_id=2043\" \/>\n<meta property=\"og:locale\" content=\"fr_FR\" \/>\n<meta property=\"og:type\" content=\"article\" \/>\n<meta property=\"og:title\" content=\"Menu du jour - LA BOUSSOLE PARIS\" \/>\n<meta property=\"og:description\" content=\"&#8211; DECOUVREZ &#8211; Notre carte \u25e6 Venez d\u00e9couvrir notre nouvelle carte dans un cadre chic et d\u00e9contract\u00e9, dans un d\u00e9cor m\u00ealant bois, lumi\u00e8re douces et&hellip;\" \/>\n<meta property=\"og:url\" content=\"https:\/\/la-boussole.com\/?page_id=2043\" \/>\n<meta property=\"og:site_name\" content=\"LA BOUSSOLE PARIS\" \/>\n<meta property=\"article:publisher\" content=\"https:\/\/www.facebook.com\/laboussole.paris\" \/>\n<meta property=\"article:modified_time\" content=\"2024-05-16T12:52:32+00:00\" \/>\n<meta property=\"og:image\" content=\"https:\/\/la-boussole.com\/wp-content\/uploads\/2022\/02\/IMG_7958-1440x960.jpg\" \/>\n<meta name=\"twitter:card\" content=\"summary_large_image\" \/>\n<meta name=\"twitter:label1\" content=\"Dur\u00e9e de lecture estim\u00e9e\" \/>\n\t<meta name=\"twitter:data1\" content=\"2 minutes\" \/>\n<script type=\"application\/ld+json\" class=\"yoast-schema-graph\">{\"@context\":\"https:\/\/schema.org\",\"@graph\":[{\"@type\":\"WebPage\",\"@id\":\"https:\/\/la-boussole.com\/?page_id=2043\",\"url\":\"https:\/\/la-boussole.com\/?page_id=2043\",\"name\":\"Menu du jour - LA BOUSSOLE PARIS\",\"isPartOf\":{\"@id\":\"https:\/\/la-boussole.com\/#website\"},\"primaryImageOfPage\":{\"@id\":\"https:\/\/la-boussole.com\/?page_id=2043#primaryimage\"},\"image\":{\"@id\":\"https:\/\/la-boussole.com\/?page_id=2043#primaryimage\"},\"thumbnailUrl\":\"https:\/\/la-boussole.com\/wp-content\/uploads\/2022\/02\/IMG_7958-1440x960.jpg\",\"datePublished\":\"2022-02-10T13:48:14+00:00\",\"dateModified\":\"2024-05-16T12:52:32+00:00\",\"breadcrumb\":{\"@id\":\"https:\/\/la-boussole.com\/?page_id=2043#breadcrumb\"},\"inLanguage\":\"fr-FR\",\"potentialAction\":[{\"@type\":\"ReadAction\",\"target\":[\"https:\/\/la-boussole.com\/?page_id=2043\"]}]},{\"@type\":\"ImageObject\",\"inLanguage\":\"fr-FR\",\"@id\":\"https:\/\/la-boussole.com\/?page_id=2043#primaryimage\",\"url\":\"https:\/\/la-boussole.com\/wp-content\/uploads\/2022\/02\/IMG_7958-scaled.jpg\",\"contentUrl\":\"https:\/\/la-boussole.com\/wp-content\/uploads\/2022\/02\/IMG_7958-scaled.jpg\",\"width\":2560,\"height\":1707},{\"@type\":\"BreadcrumbList\",\"@id\":\"https:\/\/la-boussole.com\/?page_id=2043#breadcrumb\",\"itemListElement\":[{\"@type\":\"ListItem\",\"position\":1,\"name\":\"Accueil\",\"item\":\"https:\/\/la-boussole.com\/\"},{\"@type\":\"ListItem\",\"position\":2,\"name\":\"Menu du jour\"}]},{\"@type\":\"WebSite\",\"@id\":\"https:\/\/la-boussole.com\/#website\",\"url\":\"https:\/\/la-boussole.com\/\",\"name\":\"LA BOUSSOLE PARIS\",\"description\":\"\",\"publisher\":{\"@id\":\"https:\/\/la-boussole.com\/#organization\"},\"potentialAction\":[{\"@type\":\"SearchAction\",\"target\":{\"@type\":\"EntryPoint\",\"urlTemplate\":\"https:\/\/la-boussole.com\/?s={search_term_string}\"},\"query-input\":{\"@type\":\"PropertyValueSpecification\",\"valueRequired\":true,\"valueName\":\"search_term_string\"}}],\"inLanguage\":\"fr-FR\"},{\"@type\":\"Organization\",\"@id\":\"https:\/\/la-boussole.com\/#organization\",\"name\":\"LA BOUSSOLE PARIS\",\"url\":\"https:\/\/la-boussole.com\/\",\"logo\":{\"@type\":\"ImageObject\",\"inLanguage\":\"fr-FR\",\"@id\":\"https:\/\/la-boussole.com\/#\/schema\/logo\/image\/\",\"url\":\"https:\/\/la-boussole.com\/wp-content\/uploads\/2022\/02\/cropped-Logo-vita-faca-A.jpg\",\"contentUrl\":\"https:\/\/la-boussole.com\/wp-content\/uploads\/2022\/02\/cropped-Logo-vita-faca-A.jpg\",\"width\":512,\"height\":512,\"caption\":\"LA BOUSSOLE PARIS\"},\"image\":{\"@id\":\"https:\/\/la-boussole.com\/#\/schema\/logo\/image\/\"},\"sameAs\":[\"https:\/\/www.facebook.com\/laboussole.paris\"]}]}<\/script>\n<!-- \/ Yoast SEO plugin. -->","yoast_head_json":{"title":"Menu du jour - LA BOUSSOLE PARIS","robots":{"index":"index","follow":"follow","max-snippet":"max-snippet:-1","max-image-preview":"max-image-preview:large","max-video-preview":"max-video-preview:-1"},"canonical":"https:\/\/la-boussole.com\/?page_id=2043","og_locale":"fr_FR","og_type":"article","og_title":"Menu du jour - LA BOUSSOLE PARIS","og_description":"&#8211; DECOUVREZ &#8211; Notre carte \u25e6 Venez d\u00e9couvrir notre nouvelle carte dans un cadre chic et d\u00e9contract\u00e9, dans un d\u00e9cor m\u00ealant bois, lumi\u00e8re douces et&hellip;","og_url":"https:\/\/la-boussole.com\/?page_id=2043","og_site_name":"LA BOUSSOLE PARIS","article_publisher":"https:\/\/www.facebook.com\/laboussole.paris","article_modified_time":"2024-05-16T12:52:32+00:00","og_image":[{"url":"https:\/\/la-boussole.com\/wp-content\/uploads\/2022\/02\/IMG_7958-1440x960.jpg","type":"","width":"","height":""}],"twitter_card":"summary_large_image","twitter_misc":{"Dur\u00e9e de lecture estim\u00e9e":"2 minutes"},"schema":{"@context":"https:\/\/schema.org","@graph":[{"@type":"WebPage","@id":"https:\/\/la-boussole.com\/?page_id=2043","url":"https:\/\/la-boussole.com\/?page_id=2043","name":"Menu du jour - LA BOUSSOLE PARIS","isPartOf":{"@id":"https:\/\/la-boussole.com\/#website"},"primaryImageOfPage":{"@id":"https:\/\/la-boussole.com\/?page_id=2043#primaryimage"},"image":{"@id":"https:\/\/la-boussole.com\/?page_id=2043#primaryimage"},"thumbnailUrl":"https:\/\/la-boussole.com\/wp-content\/uploads\/2022\/02\/IMG_7958-1440x960.jpg","datePublished":"2022-02-10T13:48:14+00:00","dateModified":"2024-05-16T12:52:32+00:00","breadcrumb":{"@id":"https:\/\/la-boussole.com\/?page_id=2043#breadcrumb"},"inLanguage":"fr-FR","potentialAction":[{"@type":"ReadAction","target":["https:\/\/la-boussole.com\/?page_id=2043"]}]},{"@type":"ImageObject","inLanguage":"fr-FR","@id":"https:\/\/la-boussole.com\/?page_id=2043#primaryimage","url":"https:\/\/la-boussole.com\/wp-content\/uploads\/2022\/02\/IMG_7958-scaled.jpg","contentUrl":"https:\/\/la-boussole.com\/wp-content\/uploads\/2022\/02\/IMG_7958-scaled.jpg","width":2560,"height":1707},{"@type":"BreadcrumbList","@id":"https:\/\/la-boussole.com\/?page_id=2043#breadcrumb","itemListElement":[{"@type":"ListItem","position":1,"name":"Accueil","item":"https:\/\/la-boussole.com\/"},{"@type":"ListItem","position":2,"name":"Menu du jour"}]},{"@type":"WebSite","@id":"https:\/\/la-boussole.com\/#website","url":"https:\/\/la-boussole.com\/","name":"LA BOUSSOLE PARIS","description":"","publisher":{"@id":"https:\/\/la-boussole.com\/#organization"},"potentialAction":[{"@type":"SearchAction","target":{"@type":"EntryPoint","urlTemplate":"https:\/\/la-boussole.com\/?s={search_term_string}"},"query-input":{"@type":"PropertyValueSpecification","valueRequired":true,"valueName":"search_term_string"}}],"inLanguage":"fr-FR"},{"@type":"Organization","@id":"https:\/\/la-boussole.com\/#organization","name":"LA BOUSSOLE PARIS","url":"https:\/\/la-boussole.com\/","logo":{"@type":"ImageObject","inLanguage":"fr-FR","@id":"https:\/\/la-boussole.com\/#\/schema\/logo\/image\/","url":"https:\/\/la-boussole.com\/wp-content\/uploads\/2022\/02\/cropped-Logo-vita-faca-A.jpg","contentUrl":"https:\/\/la-boussole.com\/wp-content\/uploads\/2022\/02\/cropped-Logo-vita-faca-A.jpg","width":512,"height":512,"caption":"LA BOUSSOLE PARIS"},"image":{"@id":"https:\/\/la-boussole.com\/#\/schema\/logo\/image\/"},"sameAs":["https:\/\/www.facebook.com\/laboussole.paris"]}]}},"_links":{"self":[{"href":"https:\/\/la-boussole.com\/index.php?rest_route=\/wp\/v2\/pages\/2043","targetHints":{"allow":["GET"]}}],"collection":[{"href":"https:\/\/la-boussole.com\/index.php?rest_route=\/wp\/v2\/pages"}],"about":[{"href":"https:\/\/la-boussole.com\/index.php?rest_route=\/wp\/v2\/types\/page"}],"author":[{"embeddable":true,"href":"https:\/\/la-boussole.com\/index.php?rest_route=\/wp\/v2\/users\/1"}],"replies":[{"embeddable":true,"href":"https:\/\/la-boussole.com\/index.php?rest_route=%2Fwp%2Fv2%2Fcomments&post=2043"}],"version-history":[{"count":17,"href":"https:\/\/la-boussole.com\/index.php?rest_route=\/wp\/v2\/pages\/2043\/revisions"}],"predecessor-version":[{"id":2296,"href":"https:\/\/la-boussole.com\/index.php?rest_route=\/wp\/v2\/pages\/2043\/revisions\/2296"}],"wp:attachment":[{"href":"https:\/\/la-boussole.com\/index.php?rest_route=%2Fwp%2Fv2%2Fmedia&parent=2043"}],"curies":[{"name":"wp","href":"https:\/\/api.w.org\/{rel}","templated":true}]}}